{"id":3253,"date":"2014-05-08T12:26:15","date_gmt":"2014-05-08T16:26:15","guid":{"rendered":"http:\/\/www.gtgroupinc.com\/?page_id=3253"},"modified":"2025-08-28T16:40:26","modified_gmt":"2025-08-28T16:40:26","slug":"entreposage-montreal","status":"publish","type":"page","link":"https:\/\/www.gtgroupinc.com\/fr\/entreposage-montreal\/","title":{"rendered":"Entreposage Montr\u00e9al"},"content":{"rendered":"<div class=\"row\">\n<div class=\"span3 bs-docs-sidebar\" id=\"subnav\">\n<ul class=\"nav nav-list bs-docs-sidenav\" data-spy=\"affix\" data-offset-top=\"76\">\n<li><a href=\"#overview\"><i class=\"icon-chevron-right\"><\/i> Aper\u00e7u<\/a><\/li>\n<\/ul>\n<\/div>\n<div class=\"span9\"><section id=\"overview\" style=\"padding-top: 80px; margin-top: -80px;\">\n<div class=\"banner-wrap \">\n<figure class=\"featured-thumbnail\"><a href=\"#\" title=\"\"><img decoding=\"async\" src=\"http:\/\/www.gtgroupinc.com\/wp-content\/uploads\/2013\/04\/warehouse.jpg\" title=\"\" alt=\"\"><\/a><\/figure>\n<\/div>\n<div class=\"clear\"><\/div>\n<p>Qu\u2019il soit question d\u2019entreposage, de passage \u00e0 quai (cross-docking) ou de rembourrage et de d\u00e9potage, notre personnel est en mesure de r\u00e9pondre aux demandes qui posent les plus grands d\u00e9fis.<\/p>\n<p>Notre installation offre plus de 20 000 pieds carr\u00e9s d\u2019entreposage int\u00e9rieur chauff\u00e9 et plus de 250 000 pieds carr\u00e9s d\u2019entreposage ext\u00e9rieur. Les lieux sont enti\u00e8rement s\u00e9curis\u00e9s,<br \/>\n24 heures sur 24 et sept jours sur sept, par un syst\u00e8me de cam\u00e9ras en circuit ferm\u00e9 sophistiqu\u00e9, un syst\u00e8me de s\u00e9curit\u00e9 et des gardiens de s\u00e9curit\u00e9. De plus, l\u2019entrep\u00f4t est \u00e9quip\u00e9 d\u2019un syst\u00e8me d\u2019extinction automatique. L\u2019ensemble de la propri\u00e9t\u00e9 est cl\u00f4tur\u00e9 et bien \u00e9clair\u00e9.<\/p>\n<div class=\"row\">\n<div class=\"span3\">\n<div class=\"featured-thumbnail thumbnail\"><a  title=\"Entreposage\" href=\"http:\/\/www.gtgroupinc.com\/wp-content\/uploads\/2013\/06\/warehouse2.jpg\" rel=\"prettyPhoto&#091;warehouse&#093;\"><img loading=\"lazy\" decoding=\"async\" src=\"http:\/\/www.gtgroupinc.com\/wp-content\/uploads\/2013\/06\/warehouse2-300x187.jpg\" alt=\"Entreposage\" width=\"300\" height=\"187\" \/><br \/>\n<span class=\"zoom-icon\"><\/span><\/a>\n<\/div>\n<\/div>\n<div class=\"span3\">\n<div class=\"featured-thumbnail thumbnail\"><a  title=\"Entreposage\" href=\"http:\/\/www.gtgroupinc.com\/wp-content\/uploads\/2013\/06\/warehouse5.jpg\"rel=\"prettyPhoto&#091;warehouse&#093;\" ><img loading=\"lazy\" decoding=\"async\" src=\"http:\/\/www.gtgroupinc.com\/wp-content\/uploads\/2013\/06\/warehouse5-300x187.jpg\" alt=\"Entreposage\" width=\"300\" height=\"187\"  \/><br \/>\n<span class=\"zoom-icon\"><\/span><\/a>\n<\/div>\n<\/div>\n<div class=\"span3\">\n<div class=\"featured-thumbnail thumbnail\"><a  title=\"Entreposage\" href=\"http:\/\/www.gtgroupinc.com\/wp-content\/uploads\/2013\/06\/warehouse4.jpg\" rel=\"prettyPhoto&#091;warehouse&#093;\"><img loading=\"lazy\" decoding=\"async\" src=\"http:\/\/www.gtgroupinc.com\/wp-content\/uploads\/2013\/06\/warehouse4-300x187.jpg\" alt=\"Entreposage\" width=\"300\" height=\"187\"  \/><br \/>\n<span class=\"zoom-icon\"><\/span><\/a>\n<\/div>\n<\/div>\n<\/div>\n<h3>Notre installation vous offre:<\/h3>\n<p>&#8211; Entrep\u00f4sage Montr\u00e9al<br \/>\n&#8211; Entrep\u00f4t d\u2019attente<br \/>\n&#8211; Services de transbordement<br \/>\n&#8211; Chargement et d\u00e9chargement de diverses cargaisons<br \/>\n&#8211; Services de distribution<br \/>\n&#8211; Groupage et d\u00e9groupage<br \/>\n&#8211; Blocage et arrimage<br \/>\n&#8211; Chargement de v\u00e9hicule<br \/>\n&#8211; Entreposage \u00e0 court et \u00e0 long terme<br \/>\n&#8211; Chariots \u00e9l\u00e9vateurs qui varient de 2 500 lb \u00e0 99 000 lb<br \/>\n&#8211; \u00c9quipement sp\u00e9cialis\u00e9 qui permet la gestion de diff\u00e9rents types de marchandises<\/p>\n<\/section>\n<div class=\"row\">\n<div class=\"span3\">\n<div class=\"featured-thumbnail thumbnail\"><a  title=\"Warehousing Services\" href=\"http:\/\/www.gtgroupinc.com\/wp-content\/uploads\/2013\/04\/warehouse6.jpg\" rel=\"prettyPhoto&#091;warehouse&#093;\"><img loading=\"lazy\" decoding=\"async\" src=\"http:\/\/www.gtgroupinc.com\/wp-content\/uploads\/2013\/04\/warehouse6-300x187.jpg\" alt=\"Warehousing Services\" width=\"300\" height=\"187\" \/><br \/>\n<span class=\"zoom-icon\"><\/span><\/a>\n<\/div>\n<\/div>\n<div class=\"span3\">\n<div class=\"featured-thumbnail thumbnail\"><a  title=\"Warehousing Services\" href=\"http:\/\/www.gtgroupinc.com\/wp-content\/uploads\/2013\/04\/warehouse7.jpg\" rel=\"prettyPhoto&#091;warehouse&#093;\"><img loading=\"lazy\" decoding=\"async\" src=\"http:\/\/www.gtgroupinc.com\/wp-content\/uploads\/2013\/04\/warehouse7-300x187.jpg\" alt=\"Warehousing Services\" width=\"300\" height=\"187\"  \/><br \/>\n<span class=\"zoom-icon\"><\/span><\/a>\n<\/div>\n<\/div>\n<div class=\"span3\">\n<div class=\"featured-thumbnail thumbnail\"><a  title=\"Warehousing Services\" href=\"http:\/\/www.gtgroupinc.com\/wp-content\/uploads\/2013\/04\/warehouse8.jpg\" rel=\"prettyPhoto&#091;warehouse&#093;\"><img loading=\"lazy\" decoding=\"async\" src=\"http:\/\/www.gtgroupinc.com\/wp-content\/uploads\/2013\/04\/warehouse8-300x187.jpg\" alt=\"Container Terminal\" width=\"300\" height=\"187\"  \/><br \/>\n<span class=\"zoom-icon\"><\/span><\/a>\n<\/div>\n<\/div>\n<\/div><\/div>\n<\/div> <!-- .row (end) -->\n","protected":false},"excerpt":{"rendered":"","protected":false},"author":1,"featured_media":0,"parent":0,"menu_order":3,"comment_status":"open","ping_status":"closed","template":"page-fullwidthfr.php","meta":{"footnotes":""},"class_list":["post-3253","page","type-page","status-publish","hentry"],"yoast_head":"<!-- This site is optimized with the Yoast SEO plugin v26.7 - https:\/\/yoast.com\/wordpress\/plugins\/seo\/ -->\n<title>Entreposage Montr\u00e9al - GT Group<\/title>\n<meta name=\"robots\" content=\"index, follow, max-snippet:-1, max-image-preview:large, max-video-preview:-1\" \/>\n<link rel=\"canonical\" href=\"https:\/\/www.gtgroupinc.com\/fr\/entreposage-montreal\/\" \/>\n<meta property=\"og:locale\" content=\"fr_CA\" \/>\n<meta property=\"og:type\" content=\"article\" \/>\n<meta property=\"og:title\" content=\"Entreposage Montr\u00e9al - GT Group\" \/>\n<meta property=\"og:url\" content=\"https:\/\/www.gtgroupinc.com\/fr\/entreposage-montreal\/\" \/>\n<meta property=\"og:site_name\" content=\"GT Group\" \/>\n<meta property=\"article:publisher\" content=\"https:\/\/www.facebook.com\/gtgroupinc\" \/>\n<meta property=\"article:modified_time\" content=\"2025-08-28T16:40:26+00:00\" \/>\n<meta property=\"og:image\" content=\"http:\/\/www.gtgroupinc.com\/wp-content\/uploads\/2013\/04\/warehouse.jpg\" \/>\n<meta name=\"twitter:label1\" content=\"Estimation du temps de lecture\" \/>\n\t<meta name=\"twitter:data1\" content=\"3 minutes\" \/>\n<script type=\"application\/ld+json\" class=\"yoast-schema-graph\">{\"@context\":\"https:\/\/schema.org\",\"@graph\":[{\"@type\":\"WebPage\",\"@id\":\"https:\/\/www.gtgroupinc.com\/fr\/entreposage-montreal\/\",\"url\":\"https:\/\/www.gtgroupinc.com\/fr\/entreposage-montreal\/\",\"name\":\"Entreposage Montr\u00e9al - GT Group\",\"isPartOf\":{\"@id\":\"https:\/\/www.gtgroupinc.com\/#website\"},\"primaryImageOfPage\":{\"@id\":\"https:\/\/www.gtgroupinc.com\/fr\/entreposage-montreal\/#primaryimage\"},\"image\":{\"@id\":\"https:\/\/www.gtgroupinc.com\/fr\/entreposage-montreal\/#primaryimage\"},\"thumbnailUrl\":\"http:\/\/www.gtgroupinc.com\/wp-content\/uploads\/2013\/04\/warehouse.jpg\",\"datePublished\":\"2014-05-08T16:26:15+00:00\",\"dateModified\":\"2025-08-28T16:40:26+00:00\",\"breadcrumb\":{\"@id\":\"https:\/\/www.gtgroupinc.com\/fr\/entreposage-montreal\/#breadcrumb\"},\"inLanguage\":\"fr-CA\",\"potentialAction\":[{\"@type\":\"ReadAction\",\"target\":[\"https:\/\/www.gtgroupinc.com\/fr\/entreposage-montreal\/\"]}]},{\"@type\":\"ImageObject\",\"inLanguage\":\"fr-CA\",\"@id\":\"https:\/\/www.gtgroupinc.com\/fr\/entreposage-montreal\/#primaryimage\",\"url\":\"http:\/\/www.gtgroupinc.com\/wp-content\/uploads\/2013\/04\/warehouse.jpg\",\"contentUrl\":\"http:\/\/www.gtgroupinc.com\/wp-content\/uploads\/2013\/04\/warehouse.jpg\"},{\"@type\":\"BreadcrumbList\",\"@id\":\"https:\/\/www.gtgroupinc.com\/fr\/entreposage-montreal\/#breadcrumb\",\"itemListElement\":[{\"@type\":\"ListItem\",\"position\":1,\"name\":\"Home\",\"item\":\"https:\/\/www.gtgroupinc.com\/fr\/\"},{\"@type\":\"ListItem\",\"position\":2,\"name\":\"Entreposage Montr\u00e9al\"}]},{\"@type\":\"WebSite\",\"@id\":\"https:\/\/www.gtgroupinc.com\/#website\",\"url\":\"https:\/\/www.gtgroupinc.com\/\",\"name\":\"GT Group\",\"description\":\"Container Services, Transport and Warehousing\",\"inLanguage\":\"fr-CA\"}]}<\/script>\n<!-- \/ Yoast SEO plugin. -->","yoast_head_json":{"title":"Entreposage Montr\u00e9al - GT Group","robots":{"index":"index","follow":"follow","max-snippet":"max-snippet:-1","max-image-preview":"max-image-preview:large","max-video-preview":"max-video-preview:-1"},"canonical":"https:\/\/www.gtgroupinc.com\/fr\/entreposage-montreal\/","og_locale":"fr_CA","og_type":"article","og_title":"Entreposage Montr\u00e9al - GT Group","og_url":"https:\/\/www.gtgroupinc.com\/fr\/entreposage-montreal\/","og_site_name":"GT Group","article_publisher":"https:\/\/www.facebook.com\/gtgroupinc","article_modified_time":"2025-08-28T16:40:26+00:00","og_image":[{"url":"http:\/\/www.gtgroupinc.com\/wp-content\/uploads\/2013\/04\/warehouse.jpg","type":"","width":"","height":""}],"twitter_misc":{"Estimation du temps de lecture":"3 minutes"},"schema":{"@context":"https:\/\/schema.org","@graph":[{"@type":"WebPage","@id":"https:\/\/www.gtgroupinc.com\/fr\/entreposage-montreal\/","url":"https:\/\/www.gtgroupinc.com\/fr\/entreposage-montreal\/","name":"Entreposage Montr\u00e9al - GT Group","isPartOf":{"@id":"https:\/\/www.gtgroupinc.com\/#website"},"primaryImageOfPage":{"@id":"https:\/\/www.gtgroupinc.com\/fr\/entreposage-montreal\/#primaryimage"},"image":{"@id":"https:\/\/www.gtgroupinc.com\/fr\/entreposage-montreal\/#primaryimage"},"thumbnailUrl":"http:\/\/www.gtgroupinc.com\/wp-content\/uploads\/2013\/04\/warehouse.jpg","datePublished":"2014-05-08T16:26:15+00:00","dateModified":"2025-08-28T16:40:26+00:00","breadcrumb":{"@id":"https:\/\/www.gtgroupinc.com\/fr\/entreposage-montreal\/#breadcrumb"},"inLanguage":"fr-CA","potentialAction":[{"@type":"ReadAction","target":["https:\/\/www.gtgroupinc.com\/fr\/entreposage-montreal\/"]}]},{"@type":"ImageObject","inLanguage":"fr-CA","@id":"https:\/\/www.gtgroupinc.com\/fr\/entreposage-montreal\/#primaryimage","url":"http:\/\/www.gtgroupinc.com\/wp-content\/uploads\/2013\/04\/warehouse.jpg","contentUrl":"http:\/\/www.gtgroupinc.com\/wp-content\/uploads\/2013\/04\/warehouse.jpg"},{"@type":"BreadcrumbList","@id":"https:\/\/www.gtgroupinc.com\/fr\/entreposage-montreal\/#breadcrumb","itemListElement":[{"@type":"ListItem","position":1,"name":"Home","item":"https:\/\/www.gtgroupinc.com\/fr\/"},{"@type":"ListItem","position":2,"name":"Entreposage Montr\u00e9al"}]},{"@type":"WebSite","@id":"https:\/\/www.gtgroupinc.com\/#website","url":"https:\/\/www.gtgroupinc.com\/","name":"GT Group","description":"Container Services, Transport and Warehousing","inLanguage":"fr-CA"}]}},"_links":{"self":[{"href":"https:\/\/www.gtgroupinc.com\/fr\/wp-json\/wp\/v2\/pages\/3253","targetHints":{"allow":["GET"]}}],"collection":[{"href":"https:\/\/www.gtgroupinc.com\/fr\/wp-json\/wp\/v2\/pages"}],"about":[{"href":"https:\/\/www.gtgroupinc.com\/fr\/wp-json\/wp\/v2\/types\/page"}],"author":[{"embeddable":true,"href":"https:\/\/www.gtgroupinc.com\/fr\/wp-json\/wp\/v2\/users\/1"}],"replies":[{"embeddable":true,"href":"https:\/\/www.gtgroupinc.com\/fr\/wp-json\/wp\/v2\/comments?post=3253"}],"version-history":[{"count":6,"href":"https:\/\/www.gtgroupinc.com\/fr\/wp-json\/wp\/v2\/pages\/3253\/revisions"}],"predecessor-version":[{"id":3898,"href":"https:\/\/www.gtgroupinc.com\/fr\/wp-json\/wp\/v2\/pages\/3253\/revisions\/3898"}],"wp:attachment":[{"href":"https:\/\/www.gtgroupinc.com\/fr\/wp-json\/wp\/v2\/media?parent=3253"}],"curies":[{"name":"wp","href":"https:\/\/api.w.org\/{rel}","templated":true}]}}