{"id":3232,"date":"2014-05-08T11:59:03","date_gmt":"2014-05-08T15:59:03","guid":{"rendered":"http:\/\/www.gtgroupinc.com\/?page_id=3232"},"modified":"2014-06-05T15:02:42","modified_gmt":"2014-06-05T19:02:42","slug":"ventes-de-conteneurs","status":"publish","type":"page","link":"https:\/\/www.gtgroupinc.com\/fr\/ventes-de-conteneurs\/","title":{"rendered":"Ventes et locations de conteneurs"},"content":{"rendered":"<div class=\"row\">\n<div class=\"span3 bs-docs-sidebar\" id=\"subnav\">\n<ul class=\"nav nav-list bs-docs-sidenav\" data-spy=\"affix\" data-offset-top=\"76\">\n<li><a href=\"#overview\"><i class=\"icon-chevron-right\"><\/i> Aper\u00e7u<\/a><\/li>\n<li><a href=\"#leased-containers\"> Location de conteneurs<\/a><\/li>\n<li><a href=\"#container-modifications\"><i class=\"icon-chevron-right\"><\/i> Modifications de conteneurs <\/a><\/li>\n<li><a href=\"#maintenance-repairs\"><i class=\"icon-chevron-right\"><\/i> Entretien et r\u00e9parations <\/a><\/li>\n<li><a href=\"#sales-overview\"><i class=\"icon-chevron-right\"><\/i> Aper\u00e7u des ventes <\/a><\/li>\n<li><a href=\"galerie\"><i class=\"icon-chevron-right\"><\/i> Galerie de conteneurs <\/a><\/li>\n<li><a href=\"\/fr\/ventes-de-conteneurs\/soumission\"><i class=\"icon-chevron-right\"><\/i> Obtenez une soumission <\/a><\/li>\n<\/ul>\n<\/div>\n<div class=\"span9\"><section id=\"overview\" style=\"padding-top: 80px; margin-top: -80px;\">\n<div class=\"banner-wrap \">\n<figure class=\"featured-thumbnail\"><a href=\"#\" title=\"\"><img decoding=\"async\" src=\"http:\/\/54.226.180.66\/wp-content\/uploads\/2011\/07\/terminal-containers.jpg\" title=\"\" alt=\"\"><\/a><\/figure>\n<\/div>\n<div class=\"clear\"><\/div>Les services de conteneurs GT vous offrent un vaste choix de nouveaux conteneurs, de conteneurs d\u2019occasion et de conteneurs sp\u00e9cialis\u00e9s. Les conteneurs sont disponibles, sur place, dans nos terminaux au Qu\u00e9bec et en Ontario afin que vous puissiez les examiner avant de les acheter. Au besoin, nous pouvons organiser la livraison \u00e0 un endroit de votre choix, et ce, partout au Canada. Pour obtenir plus de renseignements, veuillez consulter nos Conditions g\u00e9n\u00e9rales. C\u2019est avec plaisir que nous discuterons de vos exigences par t\u00e9l\u00e9phone ou que nous vous ferons parvenir, sans frais, une proposition. Vous n\u2019avez qu\u2019\u00e0 nous indiquer vos directives pr\u00e9cises; nous ferons tout pour nous conformer \u00e0 toutes les facettes logistiques et satisfaire enti\u00e8rement les exigences techniques li\u00e9es \u00e0 chacune des ventes.<\/p>\n<ul>\n<li>Conteneurs neufs, d\u2019occasion et isothermes disponibles pour la vente et la location.<\/li>\n<li>Nous offrons la plus grande vari\u00e9t\u00e9 de conteneurs au Qu\u00e9bec et en Ontario.<\/li>\n<li>Conteneurs standards de 10 pi, de 20 pi, de 40 pi, de 45 pi, de 48 pi et de 53 pi, conteneurs hors normes,  conteneurs plate-forme et d\u00e9couverts.<\/li>\n<\/ul>\n<section id=\"leased-containers\"><hgroup class=\"title-box clearfix \"><h2 class=\"title-box_primary\"><\/h2><h3 class=\"title-box_secondary\">Location de conteneurs<\/h3><\/hgroup><!-- \/\/.title-box -->Les clients font confiance \u00e0 notre service \u00e0 la client\u00e8le exceptionnel. Venez nous visiter et rencontrez notre \u00e9quipe chaleureuse, minutieuse et chevronn\u00e9e. Nos clients sont ravis du service de grande qualit\u00e9 que nous leur fournissons.<br \/>\nNos repr\u00e9sentants du service \u00e0 la client\u00e8le s\u2019assurent de bien comprendre vos besoins commerciaux uniques. <\/section>\n<section><b>Nous offrons \u00e9galement un service de boite a cadenas tr\u00e8s s\u00e9curitaires pour une protection accrue contre le vol.<\/b><br \/>\nNos repr\u00e9sentants du service \u00e0 la client\u00e8le :<br \/>\n&#8211; connaissent bien les questions li\u00e9es aux douanes;<br \/>\n&#8211; surveillent chaque envoi pour assurer une livraison s\u00e9curitaire en temps opportun;<br \/>\n&#8211; fournissent des renseignements d\u00e9taill\u00e9s quant \u00e0 votre envoi, et ce, o\u00f9 et quand vous en avez besoin;<br \/>\n&#8211; r\u00e9pondent \u00e0 vos demandes rapidement et efficacement.<br \/>\n<\/section>\n<section id=\"container-modifications\"><hgroup class=\"title-box clearfix \"><h2 class=\"title-box_primary\"><\/h2><h3 class=\"title-box_secondary\">Modifications de conteneurs<\/h3><\/hgroup><!-- \/\/.title-box -->PLUS DE 35 ANN\u00c9ES D\u2019EXP\u00c9RIENCE EN MODIFICATIONS DE CONTENEURS.<br \/>\nNotre \u00e9quipe de superviseurs de projets poss\u00e8de les qualifications techniques et les ann\u00e9es d\u2019exp\u00e9rience de service sur place n\u00e9cessaires \u00e0 la gestion de vos besoins en mati\u00e8re de modifications et de fabrication.<br \/>\nNous pouvons modifier la longueur ou la hauteur de tout conteneur. Nous pouvons \u00e9galement installer des fen\u00eatres, des syst\u00e8mes de climatisation, des portes suppl\u00e9mentaires, des \u00e9vents, des syst\u00e8mes de chauffage, des bo\u00eetes de disjoncteurs, de l\u2019\u00e9clairage, des planchers et des lambris commerciaux et bien plus encore. Nous sommes en mesure de respecter vos sp\u00e9cifications. Vos seules limites sont celles de votre imagination.<\/p>\n<div class=\"row\">\n<div class=\"span3\">\n<div class=\"featured-thumbnail thumbnail\"><a title=\"Modified Containers\" href=\"http:\/\/dev.gtgroupinc.com\/wp-content\/uploads\/2013\/06\/containers2.jpg\" rel=\"prettyPhoto&#091;containers&#093;\"><img loading=\"lazy\" decoding=\"async\" alt=\"Modified Containers\" src=\"http:\/\/dev.gtgroupinc.com\/wp-content\/uploads\/2013\/06\/containers2-300x187.jpg\" width=\"300\" height=\"187\" \/><span class=\"zoom-icon\"><\/span><br \/>\n<\/a><\/div>\n<\/div>\n<div class=\"span3\">\n<div class=\"featured-thumbnail thumbnail\"><a title=\"Modified Containers\" href=\"http:\/\/dev.gtgroupinc.com\/wp-content\/uploads\/2013\/06\/containers3.jpg\" rel=\"prettyPhoto&#091;containers&#093;\"><img loading=\"lazy\" decoding=\"async\" alt=\"Modified Containers\" src=\"http:\/\/dev.gtgroupinc.com\/wp-content\/uploads\/2013\/06\/containers3-300x187.jpg\" width=\"300\" height=\"187\" \/><span class=\"zoom-icon\"><\/span><br \/>\n<\/a><\/div>\n<\/div>\n<div class=\"span3\">\n<div class=\"featured-thumbnail thumbnail\"><a title=\"Modified Containers\" href=\"http:\/\/dev.gtgroupinc.com\/wp-content\/uploads\/2013\/06\/containers4.jpg\" rel=\"prettyPhoto&#091;containers&#093;\"><img loading=\"lazy\" decoding=\"async\" alt=\"Modified Containers\" src=\"http:\/\/dev.gtgroupinc.com\/wp-content\/uploads\/2013\/06\/containers4-300x187.jpg\" width=\"300\" height=\"187\" \/><span class=\"zoom-icon\"><\/span><br \/>\n<\/a><\/div>\n<\/div>\n<\/div>\n<\/section>\n<section id=\"maintenance-repairs\"><hgroup class=\"title-box clearfix \"><h2 class=\"title-box_primary\"><\/h2><h3 class=\"title-box_secondary\">Entretien et r\u00e9parations<\/h3><\/hgroup><!-- \/\/.title-box -->Notre service de r\u00e9paration de conteneurs est l\u2019\u00e9l\u00e9ment fondateur de GT Group. Ce service g\u00e8re l\u2019entretien et les r\u00e9parations de tous les types de conteneurs endommag\u00e9s.<\/section>\n<section id=\"sales-overview\"><hgroup class=\"title-box clearfix \"><h2 class=\"title-box_primary\"><\/h2><h3 class=\"title-box_secondary\">Aper\u00e7u des ventes<\/h3><\/hgroup><!-- \/\/.title-box -->Les services de conteneurs GT se sp\u00e9cialisent dans la fourniture de conteneurs neufs et d\u2019occasion qui seront utilis\u00e9s pour des livraisons ou de l\u2019entreposage par des entreprises ou des organismes du monde entier. Nous avons le plus grand inventaire de conteneurs neufs et d\u2019occasion disponible aux fins de vente au Canada. Peu importe la taille ou la cat\u00e9gorie de conteneur dont vous avez besoin, nous serons en mesure de vous aider. Cela comprend les mod\u00e8les standards de 20 pi ou de 40 pi ou les mod\u00e8les hors normes, les conteneurs frigorifiques et plates-formes. Nos conteneurs remis \u00e0 neuf de mani\u00e8re professionnelle sont \u00e9galement une excellente option d\u2019entreposage mobile sur un terrain. Ces conteneurs, fabriqu\u00e9s en acier Corten r\u00e9sistant et pourvus d\u2019un plancher en bois franc, offrent une solution de rechange pratique et rentable vous permettant d\u2019entreposer l\u2019exc\u00e9dent de vos lignes de produits et vos \u00e9quipements particuliers. Gr\u00e2ce \u00e0 cette fa\u00e7on de faire, les entreprises peuvent faire d\u2019importantes \u00e9conomies au lieu d\u2019agrandir leurs usines ou leurs entrep\u00f4ts. <\/p>\n<p>Les conteneurs sont le moyen id\u00e9al pour transporter de l\u2019\u00e9quipement ou des fournitures d\u2019un site \u00e0 un autre. Notre service fiable est sans pareil. Les services de conteneurs GT sont en mesure de livrer l\u2019un de vos conteneurs \u00e0 votre site en temps opportun et de mani\u00e8re efficace. Communiquez avec l\u2019un de nos experts en mati\u00e8re de conteneurs, par t\u00e9l\u00e9phone ou par courriel, et il trouvera la solution la plus appropri\u00e9e \u00e0 vos besoins. <\/p>\n<p>Nous sommes le chef de file de l\u2019industrie depuis plus de 35 ans en ce qui concerne les modifications de conteneurs. Nous avons transform\u00e9 des conteneurs en bureaux pour des sites miniers et des chantiers, en garages, en \u00e9coles et en maisons mobiles. Qu\u2019il s\u2019agisse de conteneurs modulaires ou personnalis\u00e9s, notre \u00e9quipe chevronn\u00e9e de soudeurs, d\u2019\u00e9lectriciens, de plombiers et de techniciens sera en mesure de satisfaire vos exigences. <\/p>\n<p>Notre vaste \u00e9ventail de clients comprend des maisons de transit et des entreprises de livraison internationales, des importateurs, des exportateurs, des entreprises d\u2019emballage, des entreprises de construction, des entreprises industrielles, des entreprises d\u2019entreposage, ainsi que des soci\u00e9t\u00e9s ouvertes, des agences gouvernementales, des institutions militaires et des grossistes. Si vous avez besoin d\u2019un conteneur, les services de conteneurs GT vous offrent tous les services sous un m\u00eame toit. Pour tous vos besoins en mati\u00e8re de conteneurs, optez pour GT! <\/section>\n<div class=\"row\">\n<div class=\"span3\">\n<div class=\"featured-thumbnail thumbnail\"><a title=\"Modified Containers\" href=\"http:\/\/dev.gtgroupinc.com\/wp-content\/uploads\/2011\/07\/blue-container.jpg\" rel=\"prettyPhoto&#091;containers&#093;\"><img loading=\"lazy\" decoding=\"async\" alt=\"Modified Containers\" src=\"http:\/\/dev.gtgroupinc.com\/wp-content\/uploads\/2011\/07\/blue-container-300x187.jpg\" width=\"300\" height=\"187\" \/><span class=\"zoom-icon\"><\/span><br \/>\n<\/a><\/div>\n<\/div>\n<div class=\"span3\">\n<div class=\"featured-thumbnail thumbnail\"><a title=\"Modified Containers\" href=\"http:\/\/dev.gtgroupinc.com\/wp-content\/uploads\/2011\/07\/40-foot-containers.jpg\" rel=\"prettyPhoto&#091;containers&#093;\"><img loading=\"lazy\" decoding=\"async\" alt=\"Modified Containers\" src=\"http:\/\/dev.gtgroupinc.com\/wp-content\/uploads\/2011\/07\/40-foot-containers-300x187.jpg\" width=\"300\" height=\"187\" \/><span class=\"zoom-icon\"><\/span><br \/>\n<\/a><\/div>\n<\/div>\n<div class=\"span3\">\n<div class=\"featured-thumbnail thumbnail\"><a title=\"Modified Containers\" href=\"http:\/\/dev.gtgroupinc.com\/wp-content\/uploads\/2011\/07\/open-container.jpg\" rel=\"prettyPhoto&#091;containers&#093;\"><img loading=\"lazy\" decoding=\"async\" alt=\"Modified Containers\" src=\"http:\/\/dev.gtgroupinc.com\/wp-content\/uploads\/2011\/07\/open-container-300x187.jpg\" width=\"300\" height=\"187\" \/><span class=\"zoom-icon\"><\/span><br \/>\n<\/a><\/div>\n<\/div>\n<\/div>\n<section id=\"container-gallery\"><hgroup class=\"title-box clearfix \"><h2 class=\"title-box_primary\"><\/h2><h3 class=\"title-box_secondary\">Galerie de conteneurs<\/h3><\/hgroup><!-- \/\/.title-box -->\n<a href=\"container-sales\/gallery\">Visitez notre galerie de conteneurs<\/a><br \/>\n<\/section><\/div>\n<\/div> <!-- .row (end) -->\n<\/section>\n","protected":false},"excerpt":{"rendered":"","protected":false},"author":1,"featured_media":0,"parent":0,"menu_order":2,"comment_status":"open","ping_status":"closed","template":"page-fullwidthfr.php","meta":{"footnotes":""},"class_list":["post-3232","page","type-page","status-publish","hentry"],"yoast_head":"<!-- This site is optimized with the Yoast SEO plugin v27.5 - https:\/\/yoast.com\/product\/yoast-seo-wordpress\/ -->\n<title>Ventes et locations de conteneurs  - GT Group<\/title>\n<meta name=\"robots\" content=\"index, follow, max-snippet:-1, max-image-preview:large, max-video-preview:-1\" \/>\n<link rel=\"canonical\" href=\"https:\/\/www.gtgroupinc.com\/fr\/ventes-de-conteneurs\/\" \/>\n<meta property=\"og:locale\" content=\"fr_CA\" \/>\n<meta property=\"og:type\" content=\"article\" \/>\n<meta property=\"og:title\" content=\"Ventes et locations de conteneurs  - GT Group\" \/>\n<meta property=\"og:url\" content=\"https:\/\/www.gtgroupinc.com\/fr\/ventes-de-conteneurs\/\" \/>\n<meta property=\"og:site_name\" content=\"GT Group\" \/>\n<meta property=\"article:publisher\" content=\"https:\/\/www.facebook.com\/gtgroupinc\" \/>\n<meta property=\"article:modified_time\" content=\"2014-06-05T19:02:42+00:00\" \/>\n<meta property=\"og:image\" content=\"http:\/\/54.226.180.66\/wp-content\/uploads\/2011\/07\/terminal-containers.jpg\" \/>\n<meta name=\"twitter:label1\" content=\"Estimation du temps de lecture\" \/>\n\t<meta name=\"twitter:data1\" content=\"5 minutes\" \/>\n<script type=\"application\/ld+json\" class=\"yoast-schema-graph\">{\"@context\":\"https:\\\/\\\/schema.org\",\"@graph\":[{\"@type\":\"WebPage\",\"@id\":\"https:\\\/\\\/www.gtgroupinc.com\\\/fr\\\/ventes-de-conteneurs\\\/\",\"url\":\"https:\\\/\\\/www.gtgroupinc.com\\\/fr\\\/ventes-de-conteneurs\\\/\",\"name\":\"Ventes et locations de conteneurs - GT Group\",\"isPartOf\":{\"@id\":\"https:\\\/\\\/www.gtgroupinc.com\\\/#website\"},\"primaryImageOfPage\":{\"@id\":\"https:\\\/\\\/www.gtgroupinc.com\\\/fr\\\/ventes-de-conteneurs\\\/#primaryimage\"},\"image\":{\"@id\":\"https:\\\/\\\/www.gtgroupinc.com\\\/fr\\\/ventes-de-conteneurs\\\/#primaryimage\"},\"thumbnailUrl\":\"http:\\\/\\\/54.226.180.66\\\/wp-content\\\/uploads\\\/2011\\\/07\\\/terminal-containers.jpg\",\"datePublished\":\"2014-05-08T15:59:03+00:00\",\"dateModified\":\"2014-06-05T19:02:42+00:00\",\"breadcrumb\":{\"@id\":\"https:\\\/\\\/www.gtgroupinc.com\\\/fr\\\/ventes-de-conteneurs\\\/#breadcrumb\"},\"inLanguage\":\"fr-CA\",\"potentialAction\":[{\"@type\":\"ReadAction\",\"target\":[\"https:\\\/\\\/www.gtgroupinc.com\\\/fr\\\/ventes-de-conteneurs\\\/\"]}]},{\"@type\":\"ImageObject\",\"inLanguage\":\"fr-CA\",\"@id\":\"https:\\\/\\\/www.gtgroupinc.com\\\/fr\\\/ventes-de-conteneurs\\\/#primaryimage\",\"url\":\"http:\\\/\\\/54.226.180.66\\\/wp-content\\\/uploads\\\/2011\\\/07\\\/terminal-containers.jpg\",\"contentUrl\":\"http:\\\/\\\/54.226.180.66\\\/wp-content\\\/uploads\\\/2011\\\/07\\\/terminal-containers.jpg\"},{\"@type\":\"BreadcrumbList\",\"@id\":\"https:\\\/\\\/www.gtgroupinc.com\\\/fr\\\/ventes-de-conteneurs\\\/#breadcrumb\",\"itemListElement\":[{\"@type\":\"ListItem\",\"position\":1,\"name\":\"Home\",\"item\":\"https:\\\/\\\/www.gtgroupinc.com\\\/fr\\\/\"},{\"@type\":\"ListItem\",\"position\":2,\"name\":\"Ventes et locations de conteneurs\"}]},{\"@type\":\"WebSite\",\"@id\":\"https:\\\/\\\/www.gtgroupinc.com\\\/#website\",\"url\":\"https:\\\/\\\/www.gtgroupinc.com\\\/\",\"name\":\"GT Group\",\"description\":\"Container Services, Transport and Warehousing\",\"inLanguage\":\"fr-CA\"}]}<\/script>\n<!-- \/ Yoast SEO plugin. -->","yoast_head_json":{"title":"Ventes et locations de conteneurs  - GT Group","robots":{"index":"index","follow":"follow","max-snippet":"max-snippet:-1","max-image-preview":"max-image-preview:large","max-video-preview":"max-video-preview:-1"},"canonical":"https:\/\/www.gtgroupinc.com\/fr\/ventes-de-conteneurs\/","og_locale":"fr_CA","og_type":"article","og_title":"Ventes et locations de conteneurs  - GT Group","og_url":"https:\/\/www.gtgroupinc.com\/fr\/ventes-de-conteneurs\/","og_site_name":"GT Group","article_publisher":"https:\/\/www.facebook.com\/gtgroupinc","article_modified_time":"2014-06-05T19:02:42+00:00","og_image":[{"url":"http:\/\/54.226.180.66\/wp-content\/uploads\/2011\/07\/terminal-containers.jpg","type":"","width":"","height":""}],"twitter_misc":{"Estimation du temps de lecture":"5 minutes"},"schema":{"@context":"https:\/\/schema.org","@graph":[{"@type":"WebPage","@id":"https:\/\/www.gtgroupinc.com\/fr\/ventes-de-conteneurs\/","url":"https:\/\/www.gtgroupinc.com\/fr\/ventes-de-conteneurs\/","name":"Ventes et locations de conteneurs - GT Group","isPartOf":{"@id":"https:\/\/www.gtgroupinc.com\/#website"},"primaryImageOfPage":{"@id":"https:\/\/www.gtgroupinc.com\/fr\/ventes-de-conteneurs\/#primaryimage"},"image":{"@id":"https:\/\/www.gtgroupinc.com\/fr\/ventes-de-conteneurs\/#primaryimage"},"thumbnailUrl":"http:\/\/54.226.180.66\/wp-content\/uploads\/2011\/07\/terminal-containers.jpg","datePublished":"2014-05-08T15:59:03+00:00","dateModified":"2014-06-05T19:02:42+00:00","breadcrumb":{"@id":"https:\/\/www.gtgroupinc.com\/fr\/ventes-de-conteneurs\/#breadcrumb"},"inLanguage":"fr-CA","potentialAction":[{"@type":"ReadAction","target":["https:\/\/www.gtgroupinc.com\/fr\/ventes-de-conteneurs\/"]}]},{"@type":"ImageObject","inLanguage":"fr-CA","@id":"https:\/\/www.gtgroupinc.com\/fr\/ventes-de-conteneurs\/#primaryimage","url":"http:\/\/54.226.180.66\/wp-content\/uploads\/2011\/07\/terminal-containers.jpg","contentUrl":"http:\/\/54.226.180.66\/wp-content\/uploads\/2011\/07\/terminal-containers.jpg"},{"@type":"BreadcrumbList","@id":"https:\/\/www.gtgroupinc.com\/fr\/ventes-de-conteneurs\/#breadcrumb","itemListElement":[{"@type":"ListItem","position":1,"name":"Home","item":"https:\/\/www.gtgroupinc.com\/fr\/"},{"@type":"ListItem","position":2,"name":"Ventes et locations de conteneurs"}]},{"@type":"WebSite","@id":"https:\/\/www.gtgroupinc.com\/#website","url":"https:\/\/www.gtgroupinc.com\/","name":"GT Group","description":"Container Services, Transport and Warehousing","inLanguage":"fr-CA"}]}},"_links":{"self":[{"href":"https:\/\/www.gtgroupinc.com\/fr\/wp-json\/wp\/v2\/pages\/3232","targetHints":{"allow":["GET"]}}],"collection":[{"href":"https:\/\/www.gtgroupinc.com\/fr\/wp-json\/wp\/v2\/pages"}],"about":[{"href":"https:\/\/www.gtgroupinc.com\/fr\/wp-json\/wp\/v2\/types\/page"}],"author":[{"embeddable":true,"href":"https:\/\/www.gtgroupinc.com\/fr\/wp-json\/wp\/v2\/users\/1"}],"replies":[{"embeddable":true,"href":"https:\/\/www.gtgroupinc.com\/fr\/wp-json\/wp\/v2\/comments?post=3232"}],"version-history":[{"count":12,"href":"https:\/\/www.gtgroupinc.com\/fr\/wp-json\/wp\/v2\/pages\/3232\/revisions"}],"predecessor-version":[{"id":3502,"href":"https:\/\/www.gtgroupinc.com\/fr\/wp-json\/wp\/v2\/pages\/3232\/revisions\/3502"}],"wp:attachment":[{"href":"https:\/\/www.gtgroupinc.com\/fr\/wp-json\/wp\/v2\/media?parent=3232"}],"curies":[{"name":"wp","href":"https:\/\/api.w.org\/{rel}","templated":true}]}}