{"id":3224,"date":"2014-05-08T11:43:38","date_gmt":"2014-05-08T15:43:38","guid":{"rendered":"http:\/\/www.gtgroupinc.com\/?page_id=3224"},"modified":"2025-08-28T15:21:16","modified_gmt":"2025-08-28T15:21:16","slug":"transport","status":"publish","type":"page","link":"https:\/\/www.gtgroupinc.com\/fr\/transport\/","title":{"rendered":"Transport intermodal de conteneur"},"content":{"rendered":"<div class=\"row\">\n<div class=\"span3 bs-docs-sidebar\" id=\"subnav\">\n<ul class=\"nav nav-list bs-docs-sidenav\" data-spy=\"affix\" data-offset-top=\"76\">\n<li><a href=\"#overview\"><i class=\"icon-chevron-right\"><\/i> Aper\u00e7u<\/a><\/li>\n<li><a href=\"#customer-service\"><i class=\"icon-chevron-right\"><\/i> Service \u00e0 la client\u00e8le<\/a><\/li>\n<li><a href=\"#safety-compliance\"><i class=\"icon-chevron-right\"><\/i> S\u00e9curit\u00e9 et conformit\u00e9 <\/a><\/li>\n<li><a href=\"#transport-rates\"><i class=\"icon-chevron-right\"><\/i> Tarifs de transport <\/a><\/li>\n<li><a href=\"https:\/\/www.gtgroupinc.com\/fr\/transport\/soumission\/\"><i class=\"icon-chevron-right\"><\/i> Obtenez une soumission <\/a><\/li>\n<\/ul>\n<\/div>\n<div class=\"span9\"><section id=\"overview\" style=\"padding-top: 80px; margin-top: -80px;\">\n<div class=\"banner-wrap \">\n<figure class=\"featured-thumbnail\"><a href=\"#\" title=\"\"><img decoding=\"async\" src=\"http:\/\/www.gtgroupinc.com\/wp-content\/uploads\/2011\/07\/slide32.png\" title=\"\" alt=\"\"><\/a><\/figure>\n<\/div>\n<div class=\"clear\"><\/div>Gr\u00e2ce \u00e0 notre flotte moderne de plus de 150 camions, nous sommes en mesure de proposer \u00e0 nos clients des services concurrentiels in\u00e9dits \u00e0 partir de nos terminaux de Montr\u00e9al et de Toronto pour toutes les destinations au Canada et aux \u00c9tats-Unis. De plus, nos ch\u00e2ssis porte-conteneur de pointe nous permettent d\u2019offrir des conteneurs \u00e0 charges utiles plus \u00e9lev\u00e9s \u00e0 nos clients, ce qui leur permet d\u2019\u00eatre plus concurrentiels dans le contexte actuel. Pour r\u00e9pondre \u00e0 tous les besoins de nos clients sous un m\u00eame toit, nous offrons \u00e9galement un service de camion \u00e0 plate-forme. Des remorques surbaiss\u00e9es et des remorques doubles surbaiss\u00e9es font en sorte que nous pouvons satisfaire toutes les demandes de nos clients en mati\u00e8re de charges surdimensionnel. Nous sommes des partenaires certifi\u00e9s C-TPAT et PEP afin d\u2019\u00eatre conforme \u00e0 vos exigences en mati\u00e8re de s\u00e9curit\u00e9. Tous nos camions sont \u00e9quip\u00e9s d\u2019un GPS, ce qui nous permet de suivre votre cargaison et de vous tenir inform\u00e9 le plus rapidement et le plus efficacement possible.<\/p>\n<p>Nous comprenons que le temps est votre commodit\u00e9 la plus importante. Voil\u00e0 pourquoi nous avons simplifi\u00e9 notre syst\u00e8me d\u2019\u00e9tablissement de tarifs. Cette simplification nous permet de vous soumettre un tarif dans un d\u00e9lai d\u2019une heure.<\/p>\n<p>Notre objectif est que votre exp\u00e9rience avec GT Intermodal soit agr\u00e9able et c\u2019est avec enthousiasme que nous discutons de tous vos besoins en mati\u00e8re de transport.<\/p>\n<p>GT Intermodal<\/p>\n<table>\n<tr>\n<td style=\"width:180px;\">Terminaux en exploitation<\/td>\n<td>-Montreal et Toronto<\/td>\n<\/tr>\n<tr>\n<td>Zone d\u2019exploitation <\/td>\n<td>-Canada et \u00c9tats-Unis<\/td>\n<\/tr>\n<tr>\n<td>Camions<\/td>\n<td>-150<\/td>\n<\/tr>\n<tr>\n<td>Ch\u00e2ssis<\/td>\n<td>-400<\/td>\n<\/tr>\n<tr>\n<td style=\"vertical-align:top\">Services d\u2019exploitation\u00a0<\/td>\n<td>-Conteneur <\/p>\n<p>-Surbaiss\u00e9 (surdimensionn\u00e9)<\/p>\n<p>-Plate-forme<\/td>\n<\/tr>\n<tr>\n<td>Certificats de s\u00e9curit\u00e9  \u00a0<\/td>\n<td style=\"width:400px;\"><img decoding=\"async\" src=\"http:\/\/www.gtgroupinc.com\/wp-content\/uploads\/2011\/07\/c-tpat-certification-300x137.gif\" alt=\"c-tpat-certification\" width=\"150\"  class=\"alignnone size-medium wp-image-2929 pull-left\" \/><img decoding=\"async\" src=\"http:\/\/www.gtgroupinc.com\/wp-content\/uploads\/2011\/07\/PIP-logo-600-280x146.jpg\" alt=\"PIP-logo-600-280x146\" width=\"150\" class=\"alignnone size-full wp-image-2930 pull-left\" \/><\/td>\n<\/tr>\n<\/table>\n<\/section>\n<section id=\"customer-service\"><hgroup class=\"title-box clearfix \"><h2 class=\"title-box_primary\"><\/h2><h3 class=\"title-box_secondary\">Service \u00e0 la client\u00e8le<\/h3><\/hgroup><!-- \/\/.title-box --><\/section>\n<p>Les clients font confiance \u00e0 notre service \u00e0 la client\u00e8le exceptionnel. Venez nous visiter et rencontrez notre \u00e9quipe chaleureuse, minutieuse et chevronn\u00e9e. Nos clients sont ravis du service de grande qualit\u00e9 que nous leur fournissons.<br \/>\nNos repr\u00e9sentants du service \u00e0 la client\u00e8le :<\/p>\n<p>&#8211; s\u2019assurent de bien comprendre vos besoins commerciaux uniques;<br \/>\n&#8211; connaissent bien les questions li\u00e9es aux douanes;<br \/>\n&#8211; surveillent chaque commande pour assurer une livraison s\u00e9curitaire en temps opportun;<br \/>\n&#8211; fournissent des renseignements d\u00e9taill\u00e9s quant \u00e0 votre envoi, et ce, o\u00f9 et quand vous en avez besoin;<br \/>\n&#8211; r\u00e9pondent \u00e0 vos demandes rapidement et efficacement.<\/p>\n<div class=\"row\">\n<div class=\"span3\">\n<div class=\"featured-thumbnail thumbnail\"><a title=\"Transport intermodal\" href=\"http:\/\/www.gtgroupinc.com\/wp-content\/uploads\/2011\/07\/truck.jpg\" rel=\"prettyPhoto&#091;transport&#093;\"><img loading=\"lazy\" decoding=\"async\" alt=\"Transport intermodal\" src=\"http:\/\/www.gtgroupinc.com\/wp-content\/uploads\/2011\/07\/truck-300x187.jpg\" width=\"300\" height=\"187\" \/><span class=\"zoom-icon\"><\/span><br \/>\n<\/a><\/div>\n<\/div>\n<div class=\"span3\">\n<div class=\"featured-thumbnail thumbnail\"><a title=\"Transport intermodal\" href=\"http:\/\/www.gtgroupinc.com\/wp-content\/uploads\/2011\/07\/reefers.jpg\" rel=\"prettyPhoto&#091;transport&#093;\"><img loading=\"lazy\" decoding=\"async\" alt=\"Transport intermodal\" src=\"http:\/\/www.gtgroupinc.com\/wp-content\/uploads\/2011\/07\/reefers-300x187.jpg\" width=\"300\" height=\"187\" \/><span class=\"zoom-icon\"><\/span><br \/>\n<\/a><\/div>\n<\/div>\n<div class=\"span3\">\n<div class=\"featured-thumbnail thumbnail\"><a title=\"Transport intermodal\" href=\"http:\/\/www.gtgroupinc.com\/wp-content\/uploads\/2011\/07\/gt-transport.jpg\" rel=\"prettyPhoto&#091;transport&#093;\"><img loading=\"lazy\" decoding=\"async\" alt=\"Transport intermodal\" src=\"http:\/\/www.gtgroupinc.com\/wp-content\/uploads\/2011\/07\/gt-transport-300x187.jpg\" width=\"300\" height=\"187\" \/><span class=\"zoom-icon\"><\/span><br \/>\n<\/a><\/div>\n<\/div>\n<\/div>\n<section id=\"safety-compliance\"><hgroup class=\"title-box clearfix \"><h2 class=\"title-box_primary\"><\/h2><h3 class=\"title-box_secondary\">S\u00e9curit\u00e9 et conformit\u00e9<\/h3><\/hgroup><!-- \/\/.title-box -->GT GROUP a toujours pris un engagement r\u00e9el envers la s\u00e9curit\u00e9. Nous sommes fiers des partenariats que nous avons \u00e9tabli aupr\u00e8s d\u2019exp\u00e9diteurs responsables qui partagent notre engagement visant \u00e0 assurer un service de transport s\u00e9curitaire et fiable. Puisque la s\u00e9curit\u00e9 est le but premier de l\u2019industrie du transport par camion, les transporteurs ne peuvent se permettre d\u2019attendre pour effectuer l\u2019entretien de leurs flottes. GT GROUP est fier de la qualit\u00e9 de sa flotte et de son engagement \u00e0 conserver cette qualit\u00e9. Le programme d\u2019entretien pr\u00e9ventif de GT GROUP d\u00e9passe largement les r\u00e8glements en mati\u00e8re de s\u00e9curit\u00e9 du gouvernement. GT GROUP s\u2019assure d\u2019offrir un service de transport s\u00e9curitaire et fiable au moyen des programmes et proc\u00e9dures suivants:<\/p>\n<h3>Programmes d\u2019entretien pr\u00e9ventif <\/h3>\n<p>Des contr\u00f4les d\u2019entretien sont effectu\u00e9s mensuellement sur tous les v\u00e9hicules tracteurs. Des contr\u00f4les d\u2019entretien complets sont effectu\u00e9s sur chaque roulotte qui est ouverte 24 heures par jour et six jours par semaine. <\/p>\n<h3>Unit\u00e9s mobiles d\u2019entretien <\/h3>\n<p>Les unit\u00e9s mobiles de GT GROUP effectuent les r\u00e9parations et les entretiens pr\u00e9ventifs sur les roulottes. <\/p>\n<h3>Programmes de formation pour les conducteurs<\/h3>\n<p>Les nouveaux op\u00e9rateurs-propri\u00e9taires et conducteurs sont assujettis \u00e0 une p\u00e9riode de probation de 60 jours et doivent suivre des programmes de formation complets.<\/p>\n<h3>Programmes de perfectionnement <\/h3>\n<p>Les op\u00e9rateurs-propri\u00e9taires et conducteurs actuels sont tenus de suivre des cours de perfectionnement au moins une fois par ann\u00e9e.<\/section>\n<section id=\"transport-rates\"><hgroup class=\"title-box clearfix \"><h2 class=\"title-box_primary\"><\/h2><h3 class=\"title-box_secondary\">Tarifs de transport<\/h3><\/hgroup><!-- \/\/.title-box -->GT Intermodal offre des tarifs concurrentiels qui r\u00e9pondent \u00e0 vos besoins. Veuillez communiquer avec notre service \u00e0 la client\u00e8le afin d\u2019obtenir la soumission n\u00e9cessaire.<\/section><\/div>\n<\/div> <!-- .row (end) -->\n","protected":false},"excerpt":{"rendered":"","protected":false},"author":1,"featured_media":0,"parent":0,"menu_order":1,"comment_status":"closed","ping_status":"closed","template":"page-fullwidthfr.php","meta":{"footnotes":""},"class_list":["post-3224","page","type-page","status-publish","hentry"],"yoast_head":"<!-- This site is optimized with the Yoast SEO plugin v26.7 - https:\/\/yoast.com\/wordpress\/plugins\/seo\/ -->\n<title>Transport intermodal de conteneur - GT Group<\/title>\n<meta name=\"robots\" content=\"index, follow, max-snippet:-1, max-image-preview:large, max-video-preview:-1\" \/>\n<link rel=\"canonical\" href=\"https:\/\/18.209.149.57\/fr\/transport\/\" \/>\n<meta property=\"og:locale\" content=\"fr_CA\" \/>\n<meta property=\"og:type\" content=\"article\" \/>\n<meta property=\"og:title\" content=\"Transport intermodal de conteneur - GT Group\" \/>\n<meta property=\"og:url\" content=\"https:\/\/18.209.149.57\/fr\/transport\/\" \/>\n<meta property=\"og:site_name\" content=\"GT Group\" \/>\n<meta property=\"article:publisher\" content=\"https:\/\/www.facebook.com\/gtgroupinc\" \/>\n<meta property=\"article:modified_time\" content=\"2025-08-28T15:21:16+00:00\" \/>\n<meta property=\"og:image\" content=\"http:\/\/www.gtgroupinc.com\/wp-content\/uploads\/2011\/07\/slide32.png\" \/>\n<meta name=\"twitter:label1\" content=\"Estimation du temps de lecture\" \/>\n\t<meta name=\"twitter:data1\" content=\"4 minutes\" \/>\n<script type=\"application\/ld+json\" class=\"yoast-schema-graph\">{\"@context\":\"https:\/\/schema.org\",\"@graph\":[{\"@type\":\"WebPage\",\"@id\":\"https:\/\/18.209.149.57\/fr\/transport\/\",\"url\":\"https:\/\/18.209.149.57\/fr\/transport\/\",\"name\":\"Transport intermodal de conteneur - GT Group\",\"isPartOf\":{\"@id\":\"https:\/\/www.gtgroupinc.com\/#website\"},\"primaryImageOfPage\":{\"@id\":\"https:\/\/18.209.149.57\/fr\/transport\/#primaryimage\"},\"image\":{\"@id\":\"https:\/\/18.209.149.57\/fr\/transport\/#primaryimage\"},\"thumbnailUrl\":\"http:\/\/www.gtgroupinc.com\/wp-content\/uploads\/2011\/07\/slide32.png\",\"datePublished\":\"2014-05-08T15:43:38+00:00\",\"dateModified\":\"2025-08-28T15:21:16+00:00\",\"breadcrumb\":{\"@id\":\"https:\/\/18.209.149.57\/fr\/transport\/#breadcrumb\"},\"inLanguage\":\"fr-CA\",\"potentialAction\":[{\"@type\":\"ReadAction\",\"target\":[\"https:\/\/18.209.149.57\/fr\/transport\/\"]}]},{\"@type\":\"ImageObject\",\"inLanguage\":\"fr-CA\",\"@id\":\"https:\/\/18.209.149.57\/fr\/transport\/#primaryimage\",\"url\":\"http:\/\/www.gtgroupinc.com\/wp-content\/uploads\/2011\/07\/slide32.png\",\"contentUrl\":\"http:\/\/www.gtgroupinc.com\/wp-content\/uploads\/2011\/07\/slide32.png\"},{\"@type\":\"BreadcrumbList\",\"@id\":\"https:\/\/18.209.149.57\/fr\/transport\/#breadcrumb\",\"itemListElement\":[{\"@type\":\"ListItem\",\"position\":1,\"name\":\"Home\",\"item\":\"https:\/\/www.gtgroupinc.com\/fr\/\"},{\"@type\":\"ListItem\",\"position\":2,\"name\":\"Transport intermodal de conteneur\"}]},{\"@type\":\"WebSite\",\"@id\":\"https:\/\/www.gtgroupinc.com\/#website\",\"url\":\"https:\/\/www.gtgroupinc.com\/\",\"name\":\"GT Group\",\"description\":\"Container Services, Transport and Warehousing\",\"inLanguage\":\"fr-CA\"}]}<\/script>\n<!-- \/ Yoast SEO plugin. -->","yoast_head_json":{"title":"Transport intermodal de conteneur - GT Group","robots":{"index":"index","follow":"follow","max-snippet":"max-snippet:-1","max-image-preview":"max-image-preview:large","max-video-preview":"max-video-preview:-1"},"canonical":"https:\/\/18.209.149.57\/fr\/transport\/","og_locale":"fr_CA","og_type":"article","og_title":"Transport intermodal de conteneur - GT Group","og_url":"https:\/\/18.209.149.57\/fr\/transport\/","og_site_name":"GT Group","article_publisher":"https:\/\/www.facebook.com\/gtgroupinc","article_modified_time":"2025-08-28T15:21:16+00:00","og_image":[{"url":"http:\/\/www.gtgroupinc.com\/wp-content\/uploads\/2011\/07\/slide32.png","type":"","width":"","height":""}],"twitter_misc":{"Estimation du temps de lecture":"4 minutes"},"schema":{"@context":"https:\/\/schema.org","@graph":[{"@type":"WebPage","@id":"https:\/\/18.209.149.57\/fr\/transport\/","url":"https:\/\/18.209.149.57\/fr\/transport\/","name":"Transport intermodal de conteneur - GT Group","isPartOf":{"@id":"https:\/\/www.gtgroupinc.com\/#website"},"primaryImageOfPage":{"@id":"https:\/\/18.209.149.57\/fr\/transport\/#primaryimage"},"image":{"@id":"https:\/\/18.209.149.57\/fr\/transport\/#primaryimage"},"thumbnailUrl":"http:\/\/www.gtgroupinc.com\/wp-content\/uploads\/2011\/07\/slide32.png","datePublished":"2014-05-08T15:43:38+00:00","dateModified":"2025-08-28T15:21:16+00:00","breadcrumb":{"@id":"https:\/\/18.209.149.57\/fr\/transport\/#breadcrumb"},"inLanguage":"fr-CA","potentialAction":[{"@type":"ReadAction","target":["https:\/\/18.209.149.57\/fr\/transport\/"]}]},{"@type":"ImageObject","inLanguage":"fr-CA","@id":"https:\/\/18.209.149.57\/fr\/transport\/#primaryimage","url":"http:\/\/www.gtgroupinc.com\/wp-content\/uploads\/2011\/07\/slide32.png","contentUrl":"http:\/\/www.gtgroupinc.com\/wp-content\/uploads\/2011\/07\/slide32.png"},{"@type":"BreadcrumbList","@id":"https:\/\/18.209.149.57\/fr\/transport\/#breadcrumb","itemListElement":[{"@type":"ListItem","position":1,"name":"Home","item":"https:\/\/www.gtgroupinc.com\/fr\/"},{"@type":"ListItem","position":2,"name":"Transport intermodal de conteneur"}]},{"@type":"WebSite","@id":"https:\/\/www.gtgroupinc.com\/#website","url":"https:\/\/www.gtgroupinc.com\/","name":"GT Group","description":"Container Services, Transport and Warehousing","inLanguage":"fr-CA"}]}},"_links":{"self":[{"href":"https:\/\/www.gtgroupinc.com\/fr\/wp-json\/wp\/v2\/pages\/3224","targetHints":{"allow":["GET"]}}],"collection":[{"href":"https:\/\/www.gtgroupinc.com\/fr\/wp-json\/wp\/v2\/pages"}],"about":[{"href":"https:\/\/www.gtgroupinc.com\/fr\/wp-json\/wp\/v2\/types\/page"}],"author":[{"embeddable":true,"href":"https:\/\/www.gtgroupinc.com\/fr\/wp-json\/wp\/v2\/users\/1"}],"replies":[{"embeddable":true,"href":"https:\/\/www.gtgroupinc.com\/fr\/wp-json\/wp\/v2\/comments?post=3224"}],"version-history":[{"count":14,"href":"https:\/\/www.gtgroupinc.com\/fr\/wp-json\/wp\/v2\/pages\/3224\/revisions"}],"predecessor-version":[{"id":3894,"href":"https:\/\/www.gtgroupinc.com\/fr\/wp-json\/wp\/v2\/pages\/3224\/revisions\/3894"}],"wp:attachment":[{"href":"https:\/\/www.gtgroupinc.com\/fr\/wp-json\/wp\/v2\/media?parent=3224"}],"curies":[{"name":"wp","href":"https:\/\/api.w.org\/{rel}","templated":true}]}}