{"id":3218,"date":"2014-05-08T11:18:58","date_gmt":"2014-05-08T15:18:58","guid":{"rendered":"http:\/\/www.gtgroupinc.com\/?page_id=3218"},"modified":"2025-08-28T15:18:13","modified_gmt":"2025-08-28T15:18:13","slug":"terminal","status":"publish","type":"page","link":"https:\/\/www.gtgroupinc.com\/fr\/terminal\/","title":{"rendered":"Terminal \u00e0 conteneurs"},"content":{"rendered":"<div class=\"row\">\n<div class=\"span3 bs-docs-sidebar\" id=\"subnav\">\n<ul class=\"nav nav-list bs-docs-sidenav\" data-spy=\"affix\" data-offset-top=\"76\">\n<li><a href=\"#overview\"><i class=\"icon-chevron-right\"><\/i> Aper\u00e7u<\/a><\/li>\n<li><a href=\"#container-terminal\"><i class=\"icon-chevron-right\"><\/i> Terminal \u00e0 conteneurs <\/a><\/li>\n<li><a href=\"#terminal-services\"><i class=\"icon-chevron-right\"><\/i> Services offerts au terminal <\/a><\/li>\n<li><a href=\"#edi-communication\"><i class=\"icon-chevron-right\"><\/i> Communication EDI <\/a><\/li>\n<li><a href=\"#reefer-service\"><i class=\"icon-chevron-right\"><\/i> Services pour les conteneurs frigorifiques <\/a><\/li>\n<li><a href=\"#secured-terminal\"><i class=\"icon-chevron-right\"><\/i> Terminal s\u00e9curitaire<\/a><\/li>\n<li><a href=\"https:\/\/www.gtgroupinc.com\/fr\/terminal\/soumission\/\"><i class=\"icon-chevron-right\"><\/i> Obtenez une soumission <\/a><\/li>\n<\/ul>\n<\/div>\n<div class=\"span9\"><section id=\"overview\" style=\"padding-top: 80px; margin-top: -80px;\">\n<div class=\"banner-wrap \">\n<figure class=\"featured-thumbnail\"><a href=\"#\" title=\"\"><img decoding=\"async\" src=\"http:\/\/www.gtgroupinc.com\/wp-content\/uploads\/2011\/07\/slide11.png\" title=\"\" alt=\"\"><\/a><\/figure>\n<\/div>\n<div class=\"clear\"><\/div>Le parc de conteneurs est un terminal bien \u00e9tabli pour les principales entreprises de transport et de location \u00e0 l\u2019\u00e9chelle mondiale. Il s\u2019agit du plus grand terminal du secteur priv\u00e9 de la r\u00e9gion m\u00e9tropolitaine de Montr\u00e9al. Gr\u00e2ce \u00e0 une superficie de plus de 2,5 millions de pieds carr\u00e9s, nous sommes en mesure de fournir de spacieux espaces d\u2019entreposage qui ont un excellent acc\u00e8s routier et un emplacement id\u00e9al, et \u00e0 seulement 10 km du Port de Montr\u00e9al. Le service que nous offrons est l\u2019un des plus rapides et r\u00e9put\u00e9s de Montr\u00e9al, et ce, gr\u00e2ce \u00e0 nos employ\u00e9s et \u00e0 l\u2019\u00e9quipement de manutention des conteneurs et d\u2019un r\u00e9seau informatique int\u00e9gr\u00e9 de pointe. Notre personnel efficace, compos\u00e9 de professionnels de la TI et de programmeurs, cherche \u00e0 adapter le profil du client \u00e0 ses exigences en mati\u00e8re d\u2019information sur le mat\u00e9riel.<\/p>\n<p>En plus d\u2019\u00eatre l\u2019un des plus grands terminaux, il compte \u00e9galement parmi les plus s\u00fbrs et les plus s\u00e9curitaires. Une cl\u00f4ture de 17 pieds (5,2 m) de haut et un syst\u00e8me de s\u00e9curit\u00e9 sophistiqu\u00e9 font en sorte que les intrus ne peuvent s\u2019introduire dans le p\u00e9rim\u00e8tre. Une cinquantaine de cam\u00e9ras de s\u00e9curit\u00e9 assurent la surveillance continue du terminal. GT Group participe aux programmes C-TPAT et PEP. Nos clients peuvent donc avoir une confiance absolue en nos services.<\/p>\n<\/section>\n<section id=\"container-terminal\"><hgroup class=\"title-box clearfix \"><h2 class=\"title-box_primary\"><\/h2><h3 class=\"title-box_secondary\">Terminal \u00e0 conteneurs<\/h3><\/hgroup><!-- \/\/.title-box -->\nGr\u00e2ce \u00e0 nos 2,5 millions de pieds carr\u00e9s d\u2019espace d\u2019entreposage, nous sommes en mesure d\u2019entreposer 22 000 EVP, en les empilant sur une hauteur maximale de neuf conteneurs. Nous utilisons huit Reach Stakers de Fantuzzi pour une gestion rapide et efficace des conteneurs vides. Pour une productivit\u00e9 maximale, cet \u00e9quipement permet de transporter simultan\u00e9ment deux conteneurs de 40 pieds. Nous utilisons \u00e9galement quatre gerbeurs de Fantuzzi pour les conteneurs pleins, chacun ayant une capacit\u00e9 de levage de 99 000 lb.<\/p>\n<p>Tout notre mat\u00e9riel de manutention est \u00e9quip\u00e9 d\u2019un syst\u00e8me de radiofr\u00e9quence afin de permettre \u00e0 nos employ\u00e9s de recevoir, de d\u00e9gager ou d\u2019entreposer les unit\u00e9s en temps r\u00e9el. <\/p>\n<p>L\u2019utilisation conjointe du syst\u00e8me de radiofr\u00e9quence et de nos applications logicielles de pointe nous permet d\u2019obtenir une vue d\u2019ensemble \u00e0 jour de l\u2019inventaire du parc et de l\u2019emplacement des conteneurs. Ces syst\u00e8mes font en sorte que nous sommes en mesure de r\u00e9duire et d\u2019\u00e9viter le temps d\u2019attente des camionneurs, tout en am\u00e9liorant la formule \u00ab premier arriv\u00e9, premier servi \u00bb pour nos clients.<\/p>\n<p>Des frais de manutention seront imput\u00e9s pour chaque conteneur livr\u00e9 \u00e0 notre parc. Les<br \/>\n30 premiers jours d\u2019entreposage sont gratuits. Nous offrons les services suivants sans frais suppl\u00e9mentaires : re\u00e7us de point d\u2019\u00e9change, inspection d\u2019\u00e9quipement et rapport hebdomadaire de l\u2019inventaire de conteneurs.<\/p>\n<div class=\"row\">\n<div class=\"span3\">\n<div class=\"featured-thumbnail thumbnail\"><a title=\"Terminal \u00e0 conteneurs \" href=\"http:\/\/www.gtgroupinc.com\/wp-content\/uploads\/2011\/07\/containers.jpg\" rel=\"prettyPhoto&#091;terminal&#093;\"><img loading=\"lazy\" decoding=\"async\" src=\"http:\/\/www.gtgroupinc.com\/wp-content\/uploads\/2011\/07\/containers-300x187.jpg\" alt=\"Terminal \u00e0 conteneurs \" width=\"300\" height=\"187\" \/><br \/>\n<span class=\"zoom-icon\"><\/span><\/a>\n<\/div>\n<\/div>\n<div class=\"span3\">\n<div class=\"featured-thumbnail thumbnail\"><a title=\"Terminal \u00e0 conteneurs \" href=\"http:\/\/www.gtgroupinc.com\/wp-content\/uploads\/2011\/07\/lift.jpg\" rel=\"prettyPhoto&#091;terminal&#093;\"><img loading=\"lazy\" decoding=\"async\" src=\"http:\/\/www.gtgroupinc.com\/wp-content\/uploads\/2011\/07\/lift-300x187.jpg\" alt=\"Terminal \u00e0 conteneurs\" width=\"300\" height=\"187\"  \/><br \/>\n<span class=\"zoom-icon\"><\/span><\/a>\n<\/div>\n<\/div>\n<div class=\"span3\">\n<div class=\"featured-thumbnail thumbnail\"><a title=\"Terminal \u00e0 conteneurs \" href=\"http:\/\/www.gtgroupinc.com\/wp-content\/uploads\/2011\/07\/terminal.jpg\" rel=\"prettyPhoto&#091;terminal&#093;\"><img loading=\"lazy\" decoding=\"async\" src=\"http:\/\/www.gtgroupinc.com\/wp-content\/uploads\/2011\/07\/terminal-300x187.jpg\" alt=\"Terminal \u00e0 conteneurs\" width=\"300\" height=\"187\"  \/><br \/>\n<span class=\"zoom-icon\"><\/span><\/a>\n<\/div>\n<\/div>\n<\/div>\n<\/section>\n<section id=\"terminal-services\"><hgroup class=\"title-box clearfix \"><h2 class=\"title-box_primary\"><\/h2><h3 class=\"title-box_secondary\">Services offerts au terminal<\/h3><\/hgroup><!-- \/\/.title-box -->\n<h3>Entretien et r\u00e9parations<\/h3>\n<p>Personnel qualifi\u00e9, chevronn\u00e9, tr\u00e8s motiv\u00e9 et disponible 24 heures sur 24 et sept jours sur sept.<\/p>\n<p>R\u00e9duction du temps de r\u00e9paration en raison de l\u2019optimisation d\u2019un \u00e9quipement moderne et de proc\u00e9dures op\u00e9rationnelles.<br \/>\nExperts en conteneurs frigorifiques qui effectuent plus de 3 000 r\u00e9parations par ann\u00e9e.<br \/>\nAtelier bien \u00e9quip\u00e9 d\u2019une superficie de 20 000 pieds carr\u00e9s qui permet de travailler sur 20 EVP.<\/p>\n<p>Certification G.L. (\u00ab Germanischer Lloyd \u00bb)<\/p>\n<p>Atelier de peinture pouvant accueillir deux EVP.<\/p>\n<h3 style=\"padding-top: 20px;\">Service mobile de r\u00e9parations<\/h3>\n<p>Nos quatre (4) unit\u00e9s de service mobile de r\u00e9parations bien \u00e9quip\u00e9es en mat\u00e9riel de r\u00e9paration de conteneurs de pointe. Nous offrons des soudages MIG, TIG et \u00e0 \u00e9lectrode pour les conteneurs en aluminium et en acier. Nos unit\u00e9s mobiles sont pourvues de tous les outils \u00e9lectriques, \u00e0 air et \u00e0 main n\u00e9cessaires pour tous les types de r\u00e9parations sur place. De plus, toutes les retouches de b\u00e2ches sont soud\u00e9es et non coll\u00e9es. Puisque nous sommes situ\u00e9s \u00e0 proximit\u00e9 de la majorit\u00e9 des principaux terminaux de conteneurs et des ports de la r\u00e9gion m\u00e9tropolitaine de Montr\u00e9al, les r\u00e9parations peuvent \u00eatre ex\u00e9cut\u00e9es le jour m\u00eame, comme le demande nos clients. Si vos conteneurs n\u00e9cessitent des r\u00e9parations structurelles importantes ou des modifications, ou les deux, nous fournissons le transport \u00e0 notre installation de r\u00e9paration de Montr\u00e9al, o\u00f9 nos soudeurs et nos ajusteurs exp\u00e9riment\u00e9s effectueront les r\u00e9parations n\u00e9cessaires efficacement et rapidement.<\/p>\n<h3 style=\"padding-top: 20px;\">Inspections avant d\u00e9part<\/h3>\n<p>Notre zone d\u2019inspection avant d\u00e9part (IAD) peut alimenter plus de 110 conteneurs frigorifiques et donne un acc\u00e8s direct aux sp\u00e9cialistes qui s\u2019occupent de l\u2019entretien et de la r\u00e9paration des unit\u00e9s frigorifiques.<\/p>\n<p>GT Group poss\u00e8de deux g\u00e9n\u00e9ratrices d\u2019appoint mobiles, chacune \u00e9tant \u00e9quip\u00e9e de 32 prises compatibles aux conteneurs frigorifiques afin d\u2019offrir un soutien suppl\u00e9mentaire en cas de besoin.<\/p>\n<p>Nous avons comme politique de laisser nos clients choisir leur partenaire privil\u00e9gi\u00e9 en mati\u00e8re d\u2019entretien et de r\u00e9paration de conteneurs frigorifiques afin de se conformer \u00e0 de possibles engagements et politiques mondiaux. <\/p>\n<h3 style=\"padding-top: 20px;\">Nettoyage<\/h3>\n<p>Nos importantes installations de nettoyage nous permettent de nettoyer simultan\u00e9ment jusqu\u2019\u00e0<br \/>\n16 unit\u00e9s, et ce, tout en respectant les normes de l\u2019industrie.<\/p>\n<p>Nous sommes \u00e9galement en mesure de fournir un service de fumigation, si n\u00e9cessaire.<\/p>\n<p>GT Group reconna\u00eet l\u2019importance de l\u2019environnement dans lequel nous travaillons et nous vivons. Par cons\u00e9quent, nous exer\u00e7ons nos activit\u00e9s de mani\u00e8re \u00e0 pr\u00e9venir la pollution de l\u2019environnement. Nos installations de nettoyage respectent enti\u00e8rement cette politique.<\/p>\n<div class=\"row\">\n<div class=\"span3\">\n<div class=\"featured-thumbnail thumbnail\"><a title=\"Terminal \u00e0 conteneurs\" href=\"http:\/\/www.gtgroupinc.com\/wp-content\/uploads\/2011\/07\/lift2.jpg\" rel=\"prettyPhoto&#091;terminal&#093;\"><img loading=\"lazy\" decoding=\"async\" src=\"http:\/\/www.gtgroupinc.com\/wp-content\/uploads\/2011\/07\/lift2-300x187.jpg\" alt=\"Terminal \u00e0 conteneurs\" width=\"300\" height=\"187\" \/><br \/>\n<span class=\"zoom-icon\"><\/span><\/a>\n<\/div>\n<\/div>\n<div class=\"span3\">\n<div class=\"featured-thumbnail thumbnail\"><a title=\"Terminal \u00e0 conteneurs\" href=\"http:\/\/www.gtgroupinc.com\/wp-content\/uploads\/2011\/07\/lift3.jpg\" rel=\"prettyPhoto&#091;terminal&#093;\"><img loading=\"lazy\" decoding=\"async\" src=\"http:\/\/www.gtgroupinc.com\/wp-content\/uploads\/2011\/07\/lift3-300-187.jpg\" alt=\"Terminal \u00e0 conteneurs\" width=\"300\" height=\"187\" \/><br \/>\n<span class=\"zoom-icon\"><\/span><\/a>\n<\/div>\n<\/div>\n<div class=\"span3\">\n<div class=\"featured-thumbnail thumbnail\"><a title=\"Terminal \u00e0 conteneurs\" href=\"http:\/\/www.gtgroupinc.com\/wp-content\/uploads\/2011\/07\/gt-truck.jpg\" rel=\"prettyPhoto&#091;terminal&#093;\"><img loading=\"lazy\" decoding=\"async\" src=\"http:\/\/www.gtgroupinc.com\/wp-content\/uploads\/2011\/07\/gt-truck-300x187.jpg\" alt=\"Terminal \u00e0 conteneurs\" width=\"300\" height=\"187\"  \/><br \/>\n<span class=\"zoom-icon\"><\/span><\/a>\n<\/div>\n<\/div>\n<\/div>\n<\/section>\n<section id=\"edi-communication\"><hgroup class=\"title-box clearfix \"><h2 class=\"title-box_primary\"><\/h2><h3 class=\"title-box_secondary\">\u00c9change de donn\u00e9es informatis\u00e9es (EDI)<\/h3><\/hgroup><!-- \/\/.title-box -->\n<p>Qu\u2019est-ce que l\u2019EDI?<\/p>\n<p>L\u2019\u00e9change de donn\u00e9es informatis\u00e9es (EDI) est un \u00e9change informatis\u00e9 de transactions commerciales courantes. Ces transactions comprennent les documents comme les bons de commande, les factures, les demandes de renseignements, les documents de planification, les accus\u00e9s de r\u00e9ception, les documents d\u2019\u00e9tablissement des prix, les documents sur la situation d\u2019une commande, les documents d\u2019\u00e9tablissement du calendrier, les documents de r\u00e9sultats d\u2019essais, les paiements d\u2019exp\u00e9dition et de r\u00e9ception et les documents de pr\u00e9sentation de l\u2019information financi\u00e8re.<\/p>\n<p>Pourquoi est-ce que l\u2019EDI est un succ\u00e8s?<\/p>\n<p>L\u2019EDI permet \u00e0 des centaines d\u2019entreprises ind\u00e9pendantes de communiquer et d\u2019effectuer des transactions commerciales de mani\u00e8re \u00e9lectronique. L\u2019EDI est un succ\u00e8s parce qu\u2019il repose sur un syst\u00e8me normalis\u00e9 que tous peuvent utiliser et qui a \u00e9t\u00e9 \u00e9labor\u00e9 selon les directives de l\u2019American National Standards Institute (ANSI), organisme qui coordonne les normes nationales aux \u00c9tats-Unis.<\/p>\n<p>Quels sont les avantages de l\u2019EDI?<\/p>\n<p>Ce syst\u00e8me permet, d\u2019abord et avant tout, de sauver plusieurs arbres. Traditionnellement, la fabrication et la vente de nouveaux produits et services \u00e9taient assorties d\u2019une documentation imprim\u00e9e imposante qui se composait de bons de commande, de factures, de connaissements, ainsi que d\u2019une vari\u00e9t\u00e9 de documents contenant des renseignements pr\u00e9cis et importants.<\/p>\n<\/section>\n<section id=\"reefer-service\"><hgroup class=\"title-box clearfix \"><h2 class=\"title-box_primary\"><\/h2><h3 class=\"title-box_secondary\">Services pour les conteneurs frigorifiques<\/h3><\/hgroup><!-- \/\/.title-box -->\nNous avons une section s\u00e9curitaire r\u00e9serv\u00e9e aux conteneurs frigorifiques afin de mieux servir la client\u00e8le de notre terminal. Notre terminal peut alimenter 110 conteneurs frigorifiques.<\/section>\n<section id=\"secured-terminal\"><hgroup class=\"title-box clearfix \"><h2 class=\"title-box_primary\"><\/h2><h3 class=\"title-box_secondary\">Terminal s\u00e9curitaire<\/h3><\/hgroup><!-- \/\/.title-box -->\nLe parc de conteneurs et le terminal de GT Group repr\u00e9sentent une superficie de 2,5 millions de pieds carr\u00e9s enti\u00e8rement cl\u00f4tur\u00e9s et prot\u00e9g\u00e9s 24 heures sur 24 et sept jours sur sept par plus de 50 cam\u00e9ras plac\u00e9es strat\u00e9giquement sur l\u2019ensemble des lieux. Tous les d\u00e9placements de conteneurs \u00e0 l\u2019int\u00e9rieur du parc sont supervis\u00e9s et des gardiens de s\u00e9curit\u00e9 assument la v\u00e9rification physique de chaque v\u00e9hicule, camion et ch\u00e2ssis qui entrent ou sortent du terminal. De plus, GT Group est un fier membre des programmes suivants et a re\u00e7u l\u2019attestation de ceux-ci:<\/p>\n<p>Partenariat entre les douanes et les entreprises contre le terrorisme (C-TPAT)T)<\/p>\n<p>Le C-TPAT est une initiative de collaboration entre le gouvernement et les entreprises visant \u00e0 \u00e9tablir une relation de coop\u00e9ration qui renforce l\u2019ensemble de la cha\u00eene d\u2019approvisionnement et la s\u00e9curit\u00e9 frontali\u00e8re. Le C-TPAT reconna\u00eet que les douanes peuvent offrir le plus haut niveau de s\u00e9curit\u00e9 uniquement \u00e0 l\u2019aide d\u2019une \u00e9troite collaboration entre les propri\u00e9taires ultimes de la cha\u00eene d\u2019approvisionnement, soit les importateurs, les transporteurs, les courtiers, les entreposeurs et les fabricants. Gr\u00e2ce \u00e0 cette initiative, les douanes demandent aux entreprises de s\u2019assurer de l\u2019int\u00e9grit\u00e9 de leurs mesures de s\u00e9curit\u00e9 et de communiquer leurs directives en mati\u00e8re de s\u00e9curit\u00e9 \u00e0 leurs partenaires d\u2019affaires au sein de la cha\u00eene d\u2019approvisionnement.<\/p>\n<p>Partenaires en Protection (PEP)<\/p>\n<p>Partenaires en protection (PEP) est un programme de l&rsquo;Agence des services frontaliers du Canada (ASFC) qui est con\u00e7u de fa\u00e7on \u00e0 assurer la collaboration du secteur priv\u00e9 pour am\u00e9liorer la s\u00e9curit\u00e9 frontali\u00e8re et la s\u00e9curit\u00e9 dans la cha\u00eene commerciale, pour lutter contre le crime organis\u00e9 et le terrorisme, ainsi que pour d\u00e9tecter la contrebande. Le programme PEP est un programme volontaire sans frais visant \u00e0 prot\u00e9ger la cha\u00eene commerciale, un partenariat \u00e0 la fois. L&rsquo;industrie appuie fermement le programme PEP et appr\u00e9cie grandement l&rsquo;engagement des membres du PEP \u00e0 faire leur part, de concert avec l&rsquo;ASFC, \u00e0 s\u00e9curiser la cha\u00eene d&rsquo;approvisionnement et faciliter le commerce l\u00e9gitime.<\/p>\n<\/section><\/div>\n<\/div> <!-- .row (end) -->\n","protected":false},"excerpt":{"rendered":"","protected":false},"author":1,"featured_media":0,"parent":0,"menu_order":1,"comment_status":"closed","ping_status":"closed","template":"page-fullwidthfr.php","meta":{"footnotes":""},"class_list":["post-3218","page","type-page","status-publish","hentry"],"yoast_head":"<!-- This site is optimized with the Yoast SEO plugin v26.7 - https:\/\/yoast.com\/wordpress\/plugins\/seo\/ -->\n<title>Terminal \u00e0 conteneurs - GT Group<\/title>\n<meta name=\"robots\" content=\"index, follow, max-snippet:-1, max-image-preview:large, max-video-preview:-1\" \/>\n<link rel=\"canonical\" href=\"https:\/\/www.gtgroupinc.com\/fr\/terminal\/\" \/>\n<meta property=\"og:locale\" content=\"fr_CA\" \/>\n<meta property=\"og:type\" content=\"article\" \/>\n<meta property=\"og:title\" content=\"Terminal \u00e0 conteneurs - GT Group\" \/>\n<meta property=\"og:url\" content=\"https:\/\/www.gtgroupinc.com\/fr\/terminal\/\" \/>\n<meta property=\"og:site_name\" content=\"GT Group\" \/>\n<meta property=\"article:publisher\" content=\"https:\/\/www.facebook.com\/gtgroupinc\" \/>\n<meta property=\"article:modified_time\" content=\"2025-08-28T15:18:13+00:00\" \/>\n<meta property=\"og:image\" content=\"http:\/\/www.gtgroupinc.com\/wp-content\/uploads\/2011\/07\/slide11.png\" \/>\n<meta name=\"twitter:label1\" content=\"Estimation du temps de lecture\" \/>\n\t<meta name=\"twitter:data1\" content=\"8 minutes\" \/>\n<script type=\"application\/ld+json\" class=\"yoast-schema-graph\">{\"@context\":\"https:\/\/schema.org\",\"@graph\":[{\"@type\":\"WebPage\",\"@id\":\"https:\/\/www.gtgroupinc.com\/fr\/terminal\/\",\"url\":\"https:\/\/www.gtgroupinc.com\/fr\/terminal\/\",\"name\":\"Terminal \u00e0 conteneurs - GT Group\",\"isPartOf\":{\"@id\":\"https:\/\/www.gtgroupinc.com\/#website\"},\"primaryImageOfPage\":{\"@id\":\"https:\/\/www.gtgroupinc.com\/fr\/terminal\/#primaryimage\"},\"image\":{\"@id\":\"https:\/\/www.gtgroupinc.com\/fr\/terminal\/#primaryimage\"},\"thumbnailUrl\":\"http:\/\/www.gtgroupinc.com\/wp-content\/uploads\/2011\/07\/slide11.png\",\"datePublished\":\"2014-05-08T15:18:58+00:00\",\"dateModified\":\"2025-08-28T15:18:13+00:00\",\"breadcrumb\":{\"@id\":\"https:\/\/www.gtgroupinc.com\/fr\/terminal\/#breadcrumb\"},\"inLanguage\":\"fr-CA\",\"potentialAction\":[{\"@type\":\"ReadAction\",\"target\":[\"https:\/\/www.gtgroupinc.com\/fr\/terminal\/\"]}]},{\"@type\":\"ImageObject\",\"inLanguage\":\"fr-CA\",\"@id\":\"https:\/\/www.gtgroupinc.com\/fr\/terminal\/#primaryimage\",\"url\":\"http:\/\/www.gtgroupinc.com\/wp-content\/uploads\/2011\/07\/slide11.png\",\"contentUrl\":\"http:\/\/www.gtgroupinc.com\/wp-content\/uploads\/2011\/07\/slide11.png\"},{\"@type\":\"BreadcrumbList\",\"@id\":\"https:\/\/www.gtgroupinc.com\/fr\/terminal\/#breadcrumb\",\"itemListElement\":[{\"@type\":\"ListItem\",\"position\":1,\"name\":\"Home\",\"item\":\"https:\/\/www.gtgroupinc.com\/fr\/\"},{\"@type\":\"ListItem\",\"position\":2,\"name\":\"Terminal \u00e0 conteneurs\"}]},{\"@type\":\"WebSite\",\"@id\":\"https:\/\/www.gtgroupinc.com\/#website\",\"url\":\"https:\/\/www.gtgroupinc.com\/\",\"name\":\"GT Group\",\"description\":\"Container Services, Transport and Warehousing\",\"inLanguage\":\"fr-CA\"}]}<\/script>\n<!-- \/ Yoast SEO plugin. -->","yoast_head_json":{"title":"Terminal \u00e0 conteneurs - GT Group","robots":{"index":"index","follow":"follow","max-snippet":"max-snippet:-1","max-image-preview":"max-image-preview:large","max-video-preview":"max-video-preview:-1"},"canonical":"https:\/\/www.gtgroupinc.com\/fr\/terminal\/","og_locale":"fr_CA","og_type":"article","og_title":"Terminal \u00e0 conteneurs - GT Group","og_url":"https:\/\/www.gtgroupinc.com\/fr\/terminal\/","og_site_name":"GT Group","article_publisher":"https:\/\/www.facebook.com\/gtgroupinc","article_modified_time":"2025-08-28T15:18:13+00:00","og_image":[{"url":"http:\/\/www.gtgroupinc.com\/wp-content\/uploads\/2011\/07\/slide11.png","type":"","width":"","height":""}],"twitter_misc":{"Estimation du temps de lecture":"8 minutes"},"schema":{"@context":"https:\/\/schema.org","@graph":[{"@type":"WebPage","@id":"https:\/\/www.gtgroupinc.com\/fr\/terminal\/","url":"https:\/\/www.gtgroupinc.com\/fr\/terminal\/","name":"Terminal \u00e0 conteneurs - GT Group","isPartOf":{"@id":"https:\/\/www.gtgroupinc.com\/#website"},"primaryImageOfPage":{"@id":"https:\/\/www.gtgroupinc.com\/fr\/terminal\/#primaryimage"},"image":{"@id":"https:\/\/www.gtgroupinc.com\/fr\/terminal\/#primaryimage"},"thumbnailUrl":"http:\/\/www.gtgroupinc.com\/wp-content\/uploads\/2011\/07\/slide11.png","datePublished":"2014-05-08T15:18:58+00:00","dateModified":"2025-08-28T15:18:13+00:00","breadcrumb":{"@id":"https:\/\/www.gtgroupinc.com\/fr\/terminal\/#breadcrumb"},"inLanguage":"fr-CA","potentialAction":[{"@type":"ReadAction","target":["https:\/\/www.gtgroupinc.com\/fr\/terminal\/"]}]},{"@type":"ImageObject","inLanguage":"fr-CA","@id":"https:\/\/www.gtgroupinc.com\/fr\/terminal\/#primaryimage","url":"http:\/\/www.gtgroupinc.com\/wp-content\/uploads\/2011\/07\/slide11.png","contentUrl":"http:\/\/www.gtgroupinc.com\/wp-content\/uploads\/2011\/07\/slide11.png"},{"@type":"BreadcrumbList","@id":"https:\/\/www.gtgroupinc.com\/fr\/terminal\/#breadcrumb","itemListElement":[{"@type":"ListItem","position":1,"name":"Home","item":"https:\/\/www.gtgroupinc.com\/fr\/"},{"@type":"ListItem","position":2,"name":"Terminal \u00e0 conteneurs"}]},{"@type":"WebSite","@id":"https:\/\/www.gtgroupinc.com\/#website","url":"https:\/\/www.gtgroupinc.com\/","name":"GT Group","description":"Container Services, Transport and Warehousing","inLanguage":"fr-CA"}]}},"_links":{"self":[{"href":"https:\/\/www.gtgroupinc.com\/fr\/wp-json\/wp\/v2\/pages\/3218","targetHints":{"allow":["GET"]}}],"collection":[{"href":"https:\/\/www.gtgroupinc.com\/fr\/wp-json\/wp\/v2\/pages"}],"about":[{"href":"https:\/\/www.gtgroupinc.com\/fr\/wp-json\/wp\/v2\/types\/page"}],"author":[{"embeddable":true,"href":"https:\/\/www.gtgroupinc.com\/fr\/wp-json\/wp\/v2\/users\/1"}],"replies":[{"embeddable":true,"href":"https:\/\/www.gtgroupinc.com\/fr\/wp-json\/wp\/v2\/comments?post=3218"}],"version-history":[{"count":17,"href":"https:\/\/www.gtgroupinc.com\/fr\/wp-json\/wp\/v2\/pages\/3218\/revisions"}],"predecessor-version":[{"id":3884,"href":"https:\/\/www.gtgroupinc.com\/fr\/wp-json\/wp\/v2\/pages\/3218\/revisions\/3884"}],"wp:attachment":[{"href":"https:\/\/www.gtgroupinc.com\/fr\/wp-json\/wp\/v2\/media?parent=3218"}],"curies":[{"name":"wp","href":"https:\/\/api.w.org\/{rel}","templated":true}]}}